{"id":3724,"date":"2023-12-18T11:25:33","date_gmt":"2023-12-18T11:25:33","guid":{"rendered":"https:\/\/www.brnotorious.com\/cs\/produkt\/mej-krasny-den\/"},"modified":"2023-12-18T11:27:22","modified_gmt":"2023-12-18T11:27:22","slug":"mej-krasny-den","status":"publish","type":"product","link":"https:\/\/www.brnotorious.com\/cs\/produkt\/mej-krasny-den\/","title":{"rendered":"M\u011bj kr\u00e1sn\u00fd den"},"content":{"rendered":"<p>Looking for a fun addition to your caffeinated mornings? This ceramic mug is sure to put a smile on your face! It\u2019s dishwasher-safe and perfect for everyday use.<\/p>\n<p>\u2022 Ceramic<br \/>\n\u2022 11 oz mug dimensions: 3.85\u2033 (9.8 cm) in height, 3.35\u2033 (8.5 cm) in diameter<br \/>\n\u2022 15 oz mug dimensions: 4.7\u2033 (12 cm) in height, 3.35\u2033 (8.5 cm) in diameter<br \/>\n\u2022 20 oz mug dimensions: 4.3\u2033 (10.9 cm) in height, 3.7\u2033 (9.3 cm) in diameter<br \/>\n\u2022 Dishwasher and microwave safe<br \/>\n\u2022 Blank product sourced from China<\/p>\n<p>This product is made especially for you as soon as you place an order, which is why it takes us a bit longer to deliver it to you. Making products on demand instead of in bulk helps reduce overproduction, so thank you for making thoughtful purchasing decisions!<\/p>","protected":false},"excerpt":{"rendered":"<p>Looking for a fun addition to your caffeinated mornings? This ceramic mug is sure to put a smile on your face! It\u2019s dishwasher-safe and perfect for everyday use. \u2022 Ceramic \u2022 11 oz mug dimensions: 3.85\u2033 (9.8 cm) in height, 3.35\u2033 (8.5 cm) in diameter \u2022 15 oz mug dimensions: 4.7\u2033 (12 cm) in height, [&hellip;]<\/p>","protected":false},"featured_media":3722,"comment_status":"open","ping_status":"closed","template":"","meta":{"_acf_changed":false},"coleccion":[],"display-principal":[],"producto-concreto":[114],"product_brand":[],"product_cat":[63],"product_tag":[],"class_list":{"0":"post-3724","1":"product","2":"type-product","3":"status-publish","4":"has-post-thumbnail","6":"producto-concreto-mug","7":"product_cat-mugs","9":"first","10":"instock","11":"taxable","12":"shipping-taxable","13":"purchasable","14":"product-type-variable"},"acf":{"imagen_portada":""},"_links":{"self":[{"href":"https:\/\/www.brnotorious.com\/cs\/wp-json\/wp\/v2\/product\/3724","targetHints":{"allow":["GET"]}}],"collection":[{"href":"https:\/\/www.brnotorious.com\/cs\/wp-json\/wp\/v2\/product"}],"about":[{"href":"https:\/\/www.brnotorious.com\/cs\/wp-json\/wp\/v2\/types\/product"}],"replies":[{"embeddable":true,"href":"https:\/\/www.brnotorious.com\/cs\/wp-json\/wp\/v2\/comments?post=3724"}],"version-history":[{"count":2,"href":"https:\/\/www.brnotorious.com\/cs\/wp-json\/wp\/v2\/product\/3724\/revisions"}],"predecessor-version":[{"id":3735,"href":"https:\/\/www.brnotorious.com\/cs\/wp-json\/wp\/v2\/product\/3724\/revisions\/3735"}],"wp:featuredmedia":[{"embeddable":true,"href":"https:\/\/www.brnotorious.com\/cs\/wp-json\/wp\/v2\/media\/3722"}],"wp:attachment":[{"href":"https:\/\/www.brnotorious.com\/cs\/wp-json\/wp\/v2\/media?parent=3724"}],"wp:term":[{"taxonomy":"coleccion","embeddable":true,"href":"https:\/\/www.brnotorious.com\/cs\/wp-json\/wp\/v2\/coleccion?post=3724"},{"taxonomy":"display-principal","embeddable":true,"href":"https:\/\/www.brnotorious.com\/cs\/wp-json\/wp\/v2\/display-principal?post=3724"},{"taxonomy":"producto-concreto","embeddable":true,"href":"https:\/\/www.brnotorious.com\/cs\/wp-json\/wp\/v2\/producto-concreto?post=3724"},{"taxonomy":"product_brand","embeddable":true,"href":"https:\/\/www.brnotorious.com\/cs\/wp-json\/wp\/v2\/product_brand?post=3724"},{"taxonomy":"product_cat","embeddable":true,"href":"https:\/\/www.brnotorious.com\/cs\/wp-json\/wp\/v2\/product_cat?post=3724"},{"taxonomy":"product_tag","embeddable":true,"href":"https:\/\/www.brnotorious.com\/cs\/wp-json\/wp\/v2\/product_tag?post=3724"}],"curies":[{"name":"wp","href":"https:\/\/api.w.org\/{rel}","templated":true}]}}