{"id":3679,"date":"2023-12-11T10:14:50","date_gmt":"2023-12-11T10:14:50","guid":{"rendered":"https:\/\/www.brnotorious.com\/cs\/produkt\/dog\/"},"modified":"2023-12-11T10:46:49","modified_gmt":"2023-12-11T10:46:49","slug":"canine-abstract-in-yellow","status":"publish","type":"product","link":"https:\/\/www.brnotorious.com\/cs\/produkt\/canine-abstract-in-yellow\/","title":{"rendered":"Canine Abstract in Yellow"},"content":{"rendered":"<p>Museum-quality posters made on thick matte paper. Add a wonderful accent to your room and office with these posters that are sure to brighten any environment.<br \/>\n\u2022 Pap\u00edr o tlou\u0161\u0165ce: 0,26 mm<br \/>\n\u2022 Paper weight: 189 g\/m\u00b2<br \/>\n\u2022 Nepr\u016fsvitnost: 94%<br \/>\n\u2022 ISO jas: 104%<br \/>\n\u2022 Velikost plak\u00e1tu 21 \u00d7 30 cm je A4<br \/>\n\u2022 Paper sourced from Japan<br \/>\nThis product is made especially for you as soon as you place an order, which is why it takes us a bit longer to deliver it to you. Making products on demand instead of in bulk helps reduce overproduction, so thank you for making thoughtful purchasing decisions!<\/p>","protected":false},"excerpt":{"rendered":"<p>Museum-quality posters made on thick matte paper. Add a wonderful accent to your room and office with these posters that are sure to brighten any environment. \u2022 Pap\u00edr o tlou\u0161\u0165ce: 0,26 mm \u2022 Paper weight: 189 g\/m\u00b2 \u2022 Nepr\u016fsvitnost: 94% \u2022 ISO jas: 104% \u2022 Velikost plak\u00e1tu 21 \u00d7 30 cm je A4 \u2022 Paper [&hellip;]<\/p>","protected":false},"featured_media":3693,"comment_status":"open","ping_status":"closed","template":"","meta":{"_acf_changed":false},"coleccion":[],"display-principal":[],"producto-concreto":[97],"product_brand":[],"product_cat":[121],"product_tag":[],"class_list":{"0":"post-3679","1":"product","2":"type-product","3":"status-publish","4":"has-post-thumbnail","6":"producto-concreto-poster","7":"product_cat-illustration","9":"first","10":"instock","11":"taxable","12":"shipping-taxable","13":"purchasable","14":"product-type-variable"},"acf":{"imagen_portada":""},"_links":{"self":[{"href":"https:\/\/www.brnotorious.com\/cs\/wp-json\/wp\/v2\/product\/3679","targetHints":{"allow":["GET"]}}],"collection":[{"href":"https:\/\/www.brnotorious.com\/cs\/wp-json\/wp\/v2\/product"}],"about":[{"href":"https:\/\/www.brnotorious.com\/cs\/wp-json\/wp\/v2\/types\/product"}],"replies":[{"embeddable":true,"href":"https:\/\/www.brnotorious.com\/cs\/wp-json\/wp\/v2\/comments?post=3679"}],"version-history":[{"count":3,"href":"https:\/\/www.brnotorious.com\/cs\/wp-json\/wp\/v2\/product\/3679\/revisions"}],"predecessor-version":[{"id":3692,"href":"https:\/\/www.brnotorious.com\/cs\/wp-json\/wp\/v2\/product\/3679\/revisions\/3692"}],"wp:featuredmedia":[{"embeddable":true,"href":"https:\/\/www.brnotorious.com\/cs\/wp-json\/wp\/v2\/media\/3693"}],"wp:attachment":[{"href":"https:\/\/www.brnotorious.com\/cs\/wp-json\/wp\/v2\/media?parent=3679"}],"wp:term":[{"taxonomy":"coleccion","embeddable":true,"href":"https:\/\/www.brnotorious.com\/cs\/wp-json\/wp\/v2\/coleccion?post=3679"},{"taxonomy":"display-principal","embeddable":true,"href":"https:\/\/www.brnotorious.com\/cs\/wp-json\/wp\/v2\/display-principal?post=3679"},{"taxonomy":"producto-concreto","embeddable":true,"href":"https:\/\/www.brnotorious.com\/cs\/wp-json\/wp\/v2\/producto-concreto?post=3679"},{"taxonomy":"product_brand","embeddable":true,"href":"https:\/\/www.brnotorious.com\/cs\/wp-json\/wp\/v2\/product_brand?post=3679"},{"taxonomy":"product_cat","embeddable":true,"href":"https:\/\/www.brnotorious.com\/cs\/wp-json\/wp\/v2\/product_cat?post=3679"},{"taxonomy":"product_tag","embeddable":true,"href":"https:\/\/www.brnotorious.com\/cs\/wp-json\/wp\/v2\/product_tag?post=3679"}],"curies":[{"name":"wp","href":"https:\/\/api.w.org\/{rel}","templated":true}]}}