{"id":1539,"date":"2023-04-30T09:17:25","date_gmt":"2023-04-30T09:17:25","guid":{"rendered":"https:\/\/www.brnotorious.com\/cs\/produkt\/poster-%c2%b7-under-the-sea-%c2%b7-lobster\/"},"modified":"2023-12-05T11:28:30","modified_gmt":"2023-12-05T11:28:30","slug":"poster-%c2%b7-under-the-sea-%c2%b7-lobster","status":"publish","type":"product","link":"https:\/\/www.brnotorious.com\/cs\/produkt\/poster-%c2%b7-under-the-sea-%c2%b7-lobster\/","title":{"rendered":"Poster \u00b7 Under the sea \u00b7 Lobster"},"content":{"rendered":"<p>Museum-quality posters made on thick matte paper. Add a wonderful accent to your room and office with these posters that are sure to brighten any environment.<\/p>\n<p>\u2022 Pap\u00edr o tlou\u0161\u0165ce: 0,26 mm<br \/>\n\u2022 Paper weight: 189 g\/m\u00b2<br \/>\n\u2022 Nepr\u016fsvitnost: 94%<br \/>\n\u2022 ISO jas: 104%<br \/>\n\u2022 Paper is sourced from Japan<\/p>\n<p>This product is made especially for you as soon as you place an order, which is why it takes us a bit longer to deliver it to you. Making products on demand instead of in bulk helps reduce overproduction, so thank you for making thoughtful purchasing decisions!<\/p>","protected":false},"excerpt":{"rendered":"<p>Museum-quality posters made on thick matte paper. Add a wonderful accent to your room and office with these posters that are sure to brighten any environment. \u2022 Paper thickness: 10.3 mil \u2022 Paper weight: 189 g\/m\u00b2 \u2022 Opacity: 94% \u2022 ISO brightness: 104% \u2022 Paper is sourced from Japan This product is made especially for [&hellip;]<\/p>","protected":false},"featured_media":3511,"comment_status":"open","ping_status":"closed","template":"","meta":{"_acf_changed":false},"coleccion":[],"display-principal":[],"producto-concreto":[97],"product_brand":[],"product_cat":[45,122],"product_tag":[],"class_list":{"0":"post-1539","1":"product","2":"type-product","3":"status-publish","4":"has-post-thumbnail","6":"producto-concreto-poster","7":"product_cat-art","8":"product_cat-photo","10":"first","11":"instock","12":"taxable","13":"shipping-taxable","14":"purchasable","15":"product-type-variable"},"acf":{"imagen_portada":""},"_links":{"self":[{"href":"https:\/\/www.brnotorious.com\/cs\/wp-json\/wp\/v2\/product\/1539","targetHints":{"allow":["GET"]}}],"collection":[{"href":"https:\/\/www.brnotorious.com\/cs\/wp-json\/wp\/v2\/product"}],"about":[{"href":"https:\/\/www.brnotorious.com\/cs\/wp-json\/wp\/v2\/types\/product"}],"replies":[{"embeddable":true,"href":"https:\/\/www.brnotorious.com\/cs\/wp-json\/wp\/v2\/comments?post=1539"}],"version-history":[{"count":2,"href":"https:\/\/www.brnotorious.com\/cs\/wp-json\/wp\/v2\/product\/1539\/revisions"}],"predecessor-version":[{"id":3514,"href":"https:\/\/www.brnotorious.com\/cs\/wp-json\/wp\/v2\/product\/1539\/revisions\/3514"}],"wp:featuredmedia":[{"embeddable":true,"href":"https:\/\/www.brnotorious.com\/cs\/wp-json\/wp\/v2\/media\/3511"}],"wp:attachment":[{"href":"https:\/\/www.brnotorious.com\/cs\/wp-json\/wp\/v2\/media?parent=1539"}],"wp:term":[{"taxonomy":"coleccion","embeddable":true,"href":"https:\/\/www.brnotorious.com\/cs\/wp-json\/wp\/v2\/coleccion?post=1539"},{"taxonomy":"display-principal","embeddable":true,"href":"https:\/\/www.brnotorious.com\/cs\/wp-json\/wp\/v2\/display-principal?post=1539"},{"taxonomy":"producto-concreto","embeddable":true,"href":"https:\/\/www.brnotorious.com\/cs\/wp-json\/wp\/v2\/producto-concreto?post=1539"},{"taxonomy":"product_brand","embeddable":true,"href":"https:\/\/www.brnotorious.com\/cs\/wp-json\/wp\/v2\/product_brand?post=1539"},{"taxonomy":"product_cat","embeddable":true,"href":"https:\/\/www.brnotorious.com\/cs\/wp-json\/wp\/v2\/product_cat?post=1539"},{"taxonomy":"product_tag","embeddable":true,"href":"https:\/\/www.brnotorious.com\/cs\/wp-json\/wp\/v2\/product_tag?post=1539"}],"curies":[{"name":"wp","href":"https:\/\/api.w.org\/{rel}","templated":true}]}}