{"id":1287,"date":"2021-11-13T21:09:27","date_gmt":"2021-11-13T21:09:27","guid":{"rendered":"https:\/\/www.brnotorious.com\/product\/poster-brno-husovice"},"modified":"2023-12-05T11:44:07","modified_gmt":"2023-12-05T11:44:07","slug":"poster-brno-husovice","status":"publish","type":"product","link":"https:\/\/www.brnotorious.com\/cs\/produkt\/poster-brno-husovice\/","title":{"rendered":"Plak\u00e1t Brno - Husovice"},"content":{"rendered":"<p>Plak\u00e1ty vysok\u00e9 kvality vyroben\u00e9 na siln\u00e9m a odoln\u00e9m matn\u00e9m pap\u00ed\u0159e. Dodejte sv\u00e9mu pokoji a kancel\u00e1\u0159i \u00fa\u017easn\u00fd vzhled s t\u011bmito plak\u00e1ty, kter\u00e9 rozz\u00e1\u0159\u00ed ka\u017ed\u00e9 prost\u0159ed\u00ed.<\/p>\n<p>\u2022 Pap\u00edr o tlou\u0161\u0165ce: 0,26 mm<br \/>\n\u2022 Gram\u00e1\u017e pap\u00edru: 189 g\/m2<br \/>\n\u2022 Kvalitn\u00ed digit\u00e1ln\u00ed tisk<br \/>\n\u2022 Nepr\u016fsvitnost: 94%<br \/>\n\u2022 ISO jas: 104%<\/p>","protected":false},"excerpt":{"rendered":"<p>Museum-quality posters made on thick and durable matte paper. Add a wonderful accent to your room and office with these posters that are sure to brighten any environment. \u2022 Paper thickness: 10.3 mil \u2022 Paper weight: 5.57 oz\/y\u00b2 (189 g\/m\u00b2) \u2022 Gicl\u00e9e printing quality \u2022 Opacity: 94% \u2022 ISO brightness: 104%<\/p>","protected":false},"featured_media":3522,"comment_status":"open","ping_status":"closed","template":"","meta":{"_acf_changed":false},"coleccion":[138,143],"display-principal":[],"producto-concreto":[97],"product_brand":[],"product_cat":[121],"product_tag":[],"class_list":{"0":"post-1287","1":"product","2":"type-product","3":"status-publish","4":"has-post-thumbnail","6":"coleccion-born-in-brno","7":"coleccion-maps","8":"producto-concreto-poster","9":"product_cat-illustration","11":"first","12":"instock","13":"taxable","14":"shipping-taxable","15":"purchasable","16":"product-type-simple"},"acf":{"imagen_portada":""},"_links":{"self":[{"href":"https:\/\/www.brnotorious.com\/cs\/wp-json\/wp\/v2\/product\/1287","targetHints":{"allow":["GET"]}}],"collection":[{"href":"https:\/\/www.brnotorious.com\/cs\/wp-json\/wp\/v2\/product"}],"about":[{"href":"https:\/\/www.brnotorious.com\/cs\/wp-json\/wp\/v2\/types\/product"}],"replies":[{"embeddable":true,"href":"https:\/\/www.brnotorious.com\/cs\/wp-json\/wp\/v2\/comments?post=1287"}],"version-history":[{"count":2,"href":"https:\/\/www.brnotorious.com\/cs\/wp-json\/wp\/v2\/product\/1287\/revisions"}],"predecessor-version":[{"id":3523,"href":"https:\/\/www.brnotorious.com\/cs\/wp-json\/wp\/v2\/product\/1287\/revisions\/3523"}],"wp:featuredmedia":[{"embeddable":true,"href":"https:\/\/www.brnotorious.com\/cs\/wp-json\/wp\/v2\/media\/3522"}],"wp:attachment":[{"href":"https:\/\/www.brnotorious.com\/cs\/wp-json\/wp\/v2\/media?parent=1287"}],"wp:term":[{"taxonomy":"coleccion","embeddable":true,"href":"https:\/\/www.brnotorious.com\/cs\/wp-json\/wp\/v2\/coleccion?post=1287"},{"taxonomy":"display-principal","embeddable":true,"href":"https:\/\/www.brnotorious.com\/cs\/wp-json\/wp\/v2\/display-principal?post=1287"},{"taxonomy":"producto-concreto","embeddable":true,"href":"https:\/\/www.brnotorious.com\/cs\/wp-json\/wp\/v2\/producto-concreto?post=1287"},{"taxonomy":"product_brand","embeddable":true,"href":"https:\/\/www.brnotorious.com\/cs\/wp-json\/wp\/v2\/product_brand?post=1287"},{"taxonomy":"product_cat","embeddable":true,"href":"https:\/\/www.brnotorious.com\/cs\/wp-json\/wp\/v2\/product_cat?post=1287"},{"taxonomy":"product_tag","embeddable":true,"href":"https:\/\/www.brnotorious.com\/cs\/wp-json\/wp\/v2\/product_tag?post=1287"}],"curies":[{"name":"wp","href":"https:\/\/api.w.org\/{rel}","templated":true}]}}